{"id":400,"date":"2022-02-22T20:11:40","date_gmt":"2022-02-22T20:11:40","guid":{"rendered":"https:\/\/mkk-flensburg.de\/?page_id=400"},"modified":"2022-07-09T13:48:11","modified_gmt":"2022-07-09T13:48:11","slug":"kurse","status":"publish","type":"page","link":"https:\/\/mkk-flensburg.de\/?page_id=400","title":{"rendered":"Team Building"},"content":{"rendered":"\n<p><strong>Kickern geht immer!<\/strong><br>Gro\u00dfartige Dienste sind selten der Verdienst eines Einzelnen, weder im Job noch am Tisch!<br>Beim Tischfu\u00dfball ist meist nicht das individuelle K\u00f6nnen eines Spielers verantwortlich f\u00fcr Erfolg und Misserfolg des Teams. Vielmehr sind Vertrauen in die Mitspieler, gemeinsame L\u00f6sungsfindung und Unterst\u00fctzung essentiell um gemeinsam das Spiel zu gewinnen!<\/p>\n\n\n\n<p><strong>Wie viele Personen m\u00fcssen wir sein?<\/strong><br>Im Idealfall sind Sie zwischen sieben und acht Personen.<\/p>\n\n\n\n<p><strong>Was bieten wir?<\/strong><br>\u2022 6 Trainingseinheiten, jeweils 2 Stunden<br>\u2022 Spielerfahrene und zertifizierte Trainer<br>\u2022 Vier Leonhart-Profitische<br>\u2022 Getr\u00e4nke und Snacks zu moderaten Preisen<br>\u2022 Musikalische Begleitung nach Wunsch<br>\u2022 Kostenlose Vereinsmitgliedschaft f\u00fcr zwei Monate<br>\u2022 M\u00f6glichkeit zur Teilnahme an Turnieren<\/p>\n\n\n\n<p><strong>Wie viel kostet das Team Building?<\/strong><br>F\u00fcr die sechs Trainingseinheinheiten ( jeweils zwei Stunden) zahlen Sie 120\u20ac pro Person.<\/p>\n\n\n\n<p><strong>Wie kann ich buchen?<\/strong><br>Schicken Sie uns gern Ihre Fragen und Buchungen per E-Mail. Gern mit einer M\u00f6glichkeit Sie telefonisch zu erreichen. Wir freuen uns auf Ihre <a href=\"https:\/\/mkk-flensburg.de\/?page_id=207\" target=\"_blank\" rel=\"noreferrer noopener\">Nachricht<\/a>!<br><br><\/p>\n\n\n\n<div data-wp-interactive=\"core\/file\" class=\"wp-block-file\"><object data-wp-bind--hidden=\"!state.hasPdfPreview\" hidden class=\"wp-block-file__embed\" data=\"http:\/\/mkk-flensburg.de\/wp-content\/uploads\/2022\/07\/Teambuilding_Entwurf.pdf\" type=\"application\/pdf\" style=\"width:100%;height:600px\" aria-label=\"Einbettung von Einbettung von Flyer_Teambuilding..\"><\/object><a id=\"wp-block-file--media-e369d96d-9c50-4ac8-9251-cb15ac7f8a90\" href=\"http:\/\/mkk-flensburg.de\/wp-content\/uploads\/2022\/07\/Teambuilding_Entwurf.pdf\">Flyer_Teambuilding<\/a><a href=\"http:\/\/mkk-flensburg.de\/wp-content\/uploads\/2022\/07\/Teambuilding_Entwurf.pdf\" class=\"wp-block-file__button\" download aria-describedby=\"wp-block-file--media-e369d96d-9c50-4ac8-9251-cb15ac7f8a90\">Flyer herunterladen<\/a><\/div>\n","protected":false},"excerpt":{"rendered":"<p>Kickern geht immer!Gro\u00dfartige Dienste sind selten der Verdienst eines Einzelnen, weder im Job noch am Tisch!Beim Tischfu\u00dfball ist meist nicht das individuelle K\u00f6nnen eines Spielers verantwortlich f\u00fcr Erfolg und Misserfolg des Teams. Vielmehr sind Vertrauen in die Mitspieler, gemeinsame L\u00f6sungsfindung und Unterst\u00fctzung essentiell um gemeinsam das Spiel zu gewinnen! Wie viele Personen m\u00fcssen wir sein?Im [&hellip;]<\/p>\n","protected":false},"author":1,"featured_media":0,"parent":0,"menu_order":0,"comment_status":"closed","ping_status":"closed","template":"","meta":{"saved_in_kubio":false,"footnotes":""},"class_list":["post-400","page","type-page","status-publish","hentry"],"kubio_ai_page_context":{"short_desc":"","purpose":"general"},"_links":{"self":[{"href":"https:\/\/mkk-flensburg.de\/index.php?rest_route=\/wp\/v2\/pages\/400","targetHints":{"allow":["GET"]}}],"collection":[{"href":"https:\/\/mkk-flensburg.de\/index.php?rest_route=\/wp\/v2\/pages"}],"about":[{"href":"https:\/\/mkk-flensburg.de\/index.php?rest_route=\/wp\/v2\/types\/page"}],"author":[{"embeddable":true,"href":"https:\/\/mkk-flensburg.de\/index.php?rest_route=\/wp\/v2\/users\/1"}],"replies":[{"embeddable":true,"href":"https:\/\/mkk-flensburg.de\/index.php?rest_route=%2Fwp%2Fv2%2Fcomments&post=400"}],"version-history":[{"count":9,"href":"https:\/\/mkk-flensburg.de\/index.php?rest_route=\/wp\/v2\/pages\/400\/revisions"}],"predecessor-version":[{"id":484,"href":"https:\/\/mkk-flensburg.de\/index.php?rest_route=\/wp\/v2\/pages\/400\/revisions\/484"}],"wp:attachment":[{"href":"https:\/\/mkk-flensburg.de\/index.php?rest_route=%2Fwp%2Fv2%2Fmedia&parent=400"}],"curies":[{"name":"wp","href":"https:\/\/api.w.org\/{rel}","templated":true}]}}