{"id":36,"date":"2020-06-09T20:45:49","date_gmt":"2020-06-09T20:45:49","guid":{"rendered":"http:\/\/mkk-flensburg.de\/?page_id=36"},"modified":"2025-03-11T12:44:45","modified_gmt":"2025-03-11T12:44:45","slug":"jugendtraining","status":"publish","type":"page","link":"https:\/\/mkk-flensburg.de\/?page_id=36","title":{"rendered":"Jugendtraining"},"content":{"rendered":"\n<p class=\"has-background\" style=\"background-color:#00a32e\"><strong>Zurzeit sind in unseren Gruppen am Montag und Mittwoch Pl\u00e4tze f\u00fcr neue Kids ab 12 Jahren frei. Meld dich bei uns, wenn du zu einem Schnuppertraining kommen m\u00f6chtest.<\/strong><br><strong><br><mark style=\"background-color:rgba(0, 0, 0, 0)\" class=\"has-inline-color has-white-color\">Neu: <\/mark>Montags trainieren jetzt die Kicker Kidz (8 bis 12 Jahre) von 17 &#8211; 18 Uhr mit Jan. Hier werden erste Grundlagen, Regelkunde und faires Spiel vermittelt &#8211; die solide Basis f\u00fcr den Tischfu\u00dfballsport.<\/strong><\/p>\n\n\n\n<div class=\"wp-block-columns is-layout-flex wp-container-core-columns-is-layout-28f84493 wp-block-columns-is-layout-flex\">\n<div class=\"wp-block-column is-layout-flow wp-block-column-is-layout-flow\" style=\"flex-basis:50%\">\n<figure class=\"wp-block-image size-large\"><img loading=\"lazy\" decoding=\"async\" width=\"1024\" height=\"683\" src=\"https:\/\/mkk-flensburg.de\/wp-content\/uploads\/2022\/03\/IMG_6300-1024x683.jpg\" alt=\"\" class=\"wp-image-416\" srcset=\"https:\/\/mkk-flensburg.de\/wp-content\/uploads\/2022\/03\/IMG_6300-1024x683.jpg 1024w, https:\/\/mkk-flensburg.de\/wp-content\/uploads\/2022\/03\/IMG_6300-300x200.jpg 300w, https:\/\/mkk-flensburg.de\/wp-content\/uploads\/2022\/03\/IMG_6300-768x512.jpg 768w, https:\/\/mkk-flensburg.de\/wp-content\/uploads\/2022\/03\/IMG_6300-1536x1024.jpg 1536w, https:\/\/mkk-flensburg.de\/wp-content\/uploads\/2022\/03\/IMG_6300-2048x1365.jpg 2048w\" sizes=\"(max-width: 1024px) 100vw, 1024px\" \/><figcaption class=\"wp-element-caption\">Jan<\/figcaption><\/figure>\n<\/div>\n\n\n\n<div class=\"wp-block-column is-layout-flow wp-block-column-is-layout-flow\" style=\"flex-basis:50%\">\n<figure class=\"wp-block-image size-large\"><img loading=\"lazy\" decoding=\"async\" width=\"1024\" height=\"683\" src=\"https:\/\/mkk-flensburg.de\/wp-content\/uploads\/2022\/03\/IMG_6376-1024x683.jpg\" alt=\"\" class=\"wp-image-417\" srcset=\"https:\/\/mkk-flensburg.de\/wp-content\/uploads\/2022\/03\/IMG_6376-1024x683.jpg 1024w, https:\/\/mkk-flensburg.de\/wp-content\/uploads\/2022\/03\/IMG_6376-300x200.jpg 300w, https:\/\/mkk-flensburg.de\/wp-content\/uploads\/2022\/03\/IMG_6376-768x512.jpg 768w, https:\/\/mkk-flensburg.de\/wp-content\/uploads\/2022\/03\/IMG_6376-1536x1024.jpg 1536w, https:\/\/mkk-flensburg.de\/wp-content\/uploads\/2022\/03\/IMG_6376-2048x1365.jpg 2048w\" sizes=\"(max-width: 1024px) 100vw, 1024px\" \/><figcaption class=\"wp-element-caption\">Ulrike<\/figcaption><\/figure>\n<\/div>\n<\/div>\n\n\n\n<p>Das Jugendtraining wird von unseren Mitgliedern Jan und Ulrike geleitet. Beide sind selbst begeisterte Kickerspieler, haben die Trainer D-Lizenz im Tischfu\u00dfballsport und zudem ist Jan P\u00e4dagoge. <a href=\"https:\/\/mkk-flensburg.de\/?page_id=13\" data-type=\"page\" data-id=\"13\">Montags und mittwochs<\/a> geben sie jeweils 2 Stunden Training f\u00fcr den Tischfu\u00dfballnachwuchs. <\/p>\n\n\n\n<p class=\"has-background\" style=\"background-color:#00a32e\"><strong>F\u00fcr die Teilnahme am Jugendtraining musst du dein Kind bitte unbedingt vorher <a href=\"https:\/\/mkk-flensburg.de\/?page_id=207\">anmelden<\/a>, da es nur eine begrenzte Anzahl an Pl\u00e4tzen gibt.<\/strong><\/p>\n\n\n\n<p>Neben dem regelm\u00e4\u00dfigen Training f\u00f6rdern wir auch die Teilnahme unserer Mitglieder an regionalen und \u00fcberregionalen Wettbewerben. <\/p>\n\n\n\n<div class=\"alignnormal\"><div id=\"metaslider-id-433\" style=\"width: 100%;\" class=\"ml-slider-3-108-0 metaslider metaslider-flex metaslider-433 ml-slider has-dots-nav ms-theme-default\" role=\"region\" aria-label=\"Junioren\" data-height=\"550\" data-width=\"700\">\n    <div id=\"metaslider_container_433\">\n        <div id=\"metaslider_433\">\n            <ul class='slides'>\n                <li style=\"display: block; width: 100%;\" class=\"slide-596 ms-image \" aria-roledescription=\"slide\" data-date=\"2025-03-11 13:01:41\" data-filename=\"PXL_20240428_151156620.MP_-scaled-e1741698758744-700x550.jpg\" data-slide-type=\"image\"><img loading=\"lazy\" decoding=\"async\" src=\"https:\/\/mkk-flensburg.de\/wp-content\/uploads\/2025\/03\/PXL_20240428_151156620.MP_-scaled-e1741698758744-700x550.jpg\" height=\"550\" width=\"700\" alt=\"\" class=\"slider-433 slide-596 msDefaultImage\" title=\"PXL_20240428_151156620.MP\" \/><div class=\"caption-wrap\"><div class=\"caption\"><div>2. Platz U13 Doppel ITSF Youth 500 - Frieda und Partnerin Narin Rascho (TSTT Telgte)<\/div><\/div><\/div><\/li>\n                <li style=\"display: none; width: 100%;\" class=\"slide-509 ms-image \" aria-roledescription=\"slide\" data-date=\"2023-05-23 18:39:27\" data-filename=\"20230408_Anton-und-Flynn-Sieg-U19-ITSF-Westernohe-Auschnitt-scaled-700x550.jpg\" data-slide-type=\"image\"><img loading=\"lazy\" decoding=\"async\" src=\"https:\/\/mkk-flensburg.de\/wp-content\/uploads\/2023\/05\/20230408_Anton-und-Flynn-Sieg-U19-ITSF-Westernohe-Auschnitt-scaled-700x550.jpg\" height=\"550\" width=\"700\" alt=\"\" class=\"slider-433 slide-509 msDefaultImage\" title=\"20230408_Anton und Flynn Sieg U19 ITSF Westernohe Auschnitt\" \/><div class=\"caption-wrap\"><div class=\"caption\"><div>Sieger U19 Doppel ITSF Pro Tour (Qualifikation zur WM) - Anton und Flynn<\/div><\/div><\/div><\/li>\n                <li style=\"display: none; width: 100%;\" class=\"slide-517 ms-image \" aria-roledescription=\"slide\" data-date=\"2023-05-23 18:56:56\" data-filename=\"IMG-20230213-WA0007-700x550.jpg\" data-slide-type=\"image\"><img loading=\"lazy\" decoding=\"async\" src=\"https:\/\/mkk-flensburg.de\/wp-content\/uploads\/2023\/05\/IMG-20230213-WA0007-700x550.jpg\" height=\"550\" width=\"700\" alt=\"\" class=\"slider-433 slide-517 msDefaultImage\" title=\"IMG-20230213-WA0007\" \/><div class=\"caption-wrap\"><div class=\"caption\"><div>Deutsche Meister U13 Doppel 2023 - Frieda und Partner Fabian Honekamp (TLVMV)<\/div><\/div><\/div><\/li>\n                <li style=\"display: none; width: 100%;\" class=\"slide-513 ms-image \" aria-roledescription=\"slide\" data-date=\"2023-05-23 18:48:12\" data-filename=\"20230212_U16-Doppel-scaled-700x550.jpg\" data-slide-type=\"image\"><img loading=\"lazy\" decoding=\"async\" src=\"https:\/\/mkk-flensburg.de\/wp-content\/uploads\/2023\/05\/20230212_U16-Doppel-scaled-700x550.jpg\" height=\"550\" width=\"700\" alt=\"\" class=\"slider-433 slide-513 msDefaultImage\" title=\"20230212_U16 Doppel\" \/><div class=\"caption-wrap\"><div class=\"caption\"><div>Deutsche Meister U16 Doppel 2023 - Samuel und Flynn<\/div><\/div><\/div><\/li>\n                <li style=\"display: none; width: 100%;\" class=\"slide-507 ms-image \" aria-roledescription=\"slide\" data-date=\"2023-05-23 18:33:56\" data-filename=\"20230212_Junioren-DM-MKK-Teilnehmer-scaled-700x550.jpg\" data-slide-type=\"image\"><img loading=\"lazy\" decoding=\"async\" src=\"https:\/\/mkk-flensburg.de\/wp-content\/uploads\/2023\/05\/20230212_Junioren-DM-MKK-Teilnehmer-scaled-700x550.jpg\" height=\"550\" width=\"700\" alt=\"\" class=\"slider-433 slide-507 msDefaultImage\" title=\"20230212_Junioren DM MKK Teilnehmer\" \/><div class=\"caption-wrap\"><div class=\"caption\"><div>Deutsche Meisterschaft der Junioren 2023 (Oeversee)<\/div><\/div><\/div><\/li>\n                <li style=\"display: none; width: 100%;\" class=\"slide-515 ms-image \" aria-roledescription=\"slide\" data-date=\"2023-05-23 18:55:06\" data-filename=\"2022-DM-U19-Einzel-scaled-700x550.jpg\" data-slide-type=\"image\"><img loading=\"lazy\" decoding=\"async\" src=\"https:\/\/mkk-flensburg.de\/wp-content\/uploads\/2023\/05\/2022-DM-U19-Einzel-scaled-700x550.jpg\" height=\"550\" width=\"700\" alt=\"\" class=\"slider-433 slide-515 msDefaultImage\" title=\"2022 - DM U19 Einzel\" \/><div class=\"caption-wrap\"><div class=\"caption\"><div>3. Platz U19 Einzel DM 2022 - Anton<\/div><\/div><\/div><\/li>\n                <li style=\"display: none; width: 100%;\" class=\"slide-511 ms-image \" aria-roledescription=\"slide\" data-date=\"2023-05-23 18:40:32\" data-filename=\"20220409-DM-MKK-Teilnehmer-700x550.jpg\" data-slide-type=\"image\"><img loading=\"lazy\" decoding=\"async\" src=\"https:\/\/mkk-flensburg.de\/wp-content\/uploads\/2023\/05\/20220409-DM-MKK-Teilnehmer-700x550.jpg\" height=\"550\" width=\"700\" alt=\"\" class=\"slider-433 slide-511 msDefaultImage\" title=\"20220409 - DM MKK Teilnehmer\" \/><div class=\"caption-wrap\"><div class=\"caption\"><div>Deutsche Meisterschaft der Junioren 2022 (Eckelsheim)<\/div><\/div><\/div><\/li>\n                <li style=\"display: none; width: 100%;\" class=\"slide-435 ms-image \" aria-roledescription=\"slide\" data-date=\"2022-03-08 16:36:26\" data-filename=\"IMG-20211116-WA0007-1-700x550.jpg\" data-slide-type=\"image\"><img loading=\"lazy\" decoding=\"async\" src=\"https:\/\/mkk-flensburg.de\/wp-content\/uploads\/2022\/03\/IMG-20211116-WA0007-1-700x550.jpg\" height=\"550\" width=\"700\" alt=\"\" class=\"slider-433 slide-435 msDefaultImage\" title=\"IMG-20211116-WA0007-1\" \/><div class=\"caption-wrap\"><div class=\"caption\"><div>Internationales Ranglistenturnier 2021 (M\u00fcnster) - Anton<\/div><\/div><\/div><\/li>\n                <li style=\"display: none; width: 100%;\" class=\"slide-434 ms-image \" aria-roledescription=\"slide\" data-date=\"2022-03-08 16:36:14\" data-filename=\"IMG-20211016-WA0008-1-700x550.jpg\" data-slide-type=\"image\"><img loading=\"lazy\" decoding=\"async\" src=\"https:\/\/mkk-flensburg.de\/wp-content\/uploads\/2022\/03\/IMG-20211016-WA0008-1-700x550.jpg\" height=\"550\" width=\"700\" alt=\"\" class=\"slider-433 slide-434 msDefaultImage\" title=\"IMG-20211016-WA0008-1\" \/><div class=\"caption-wrap\"><div class=\"caption\"><div>Deutsche Meisterschaft der Junioren 2021 (Saarbr\u00fccken)<\/div><\/div><\/div><\/li>\n                <li style=\"display: none; width: 100%;\" class=\"slide-436 ms-image \" aria-roledescription=\"slide\" data-date=\"2022-03-08 16:36:34\" data-filename=\"IMG_20200125_1239221-scaled-700x550.jpg\" data-slide-type=\"image\"><img loading=\"lazy\" decoding=\"async\" src=\"https:\/\/mkk-flensburg.de\/wp-content\/uploads\/2020\/07\/IMG_20200125_1239221-scaled-700x550.jpg\" height=\"550\" width=\"700\" alt=\"\" class=\"slider-433 slide-436 msDefaultImage\" title=\"IMG_20200125_1239221\" \/><div class=\"caption-wrap\"><div class=\"caption\"><div>Junioren auf der Deutschen Meisterschaft 2019 (Hamburg)<\/div><\/div><\/div><\/li>\n            <\/ul>\n        <\/div>\n        \n    <\/div>\n<\/div><\/div>\n\n\n\n<p><strong>Kickern als Hobby f\u00fcr dein Kind?<\/strong><\/p>\n\n\n\n<p>Vielen Erwachsenen ist Tischfu\u00dfball haupts\u00e4chlich als Unterhaltungsprogramm in der Kneipe oder als wildes Spiel mit &#8222;Flipper-Charakter&#8220;, unkontrolliertem Drehen an den Stangen und zuf\u00e4lligen Toren bekannt. Doch Tischfu\u00dfball als Sport hat auch ganz andere Eigenschaften. Es geht z. B. um Konzentration, Reaktionsschnelligkeit, Augen-Hand-Koordination und mentale St\u00e4rke. <br>Bei einem sportlichen Tischfu\u00dfball-Spiel geht es darum, den Ball kontrolliert vom Ansto\u00df auf der Mittelreihe bis ins gegnerische Tor zu bef\u00f6rdern. Daf\u00fcr wird nicht einfach nur zu jeder Gelegenheit der Ball direkt Richtung Tor geschossen. Wie auch beim Fu\u00dfball auf dem Rasen, will man den Ball zun\u00e4chst durch P\u00e4sse an einen St\u00fcrmer abgeben, damit dieser ein Tor schie\u00dfen kann. <br>Auch das Verteidigen des eigenen Tores ist beim Tischfu\u00dfball Teamwork mit Absprachen und festen Positionen (Zust\u00e4ndigkeiten). Dass dieses Zusammenspiel mit dem Doppelpartner gut funktioniert, kann \u00fcber Sieg oder Niederlage entscheiden.<br>Wie auch bei vielen anderen Sportarten werden auch beim Tischfu\u00dfball FAIRPLAY und RESPEKT gro\u00df geschrieben. Au\u00dferdem gibt es nat\u00fcrlich ein paar Regeln, die zun\u00e4chst erlernt und dann befolgt werden m\u00fcssen.<\/p>\n\n\n\n<p><strong>Elternstimmen<\/strong><\/p>\n\n\n\n<p class=\"has-background\" style=\"background-color:#00a32e\"><strong>Aleksandra, Mutter von Flynn (13 Jahre): <\/strong><em>Seit einem Jahr nimmt unser Sohn regelm\u00e4\u00dfig beim Junioren Training teil. Die Atmosph\u00e4re ist toll und es macht Spa\u00df, andere Kicker begeisterte zu treffen, gemeinsam zu spielen und neue Tricks und Spielz\u00fcge zu lernen. Schade, dass wir nicht in Flensburg wohnen, sonnst w\u00fcrde er zwei Mal die Woche vorbei kommen!<\/em><\/p>\n\n\n\n<p><\/p>\n\n\n\n<p><strong>Tischfu\u00dfball ist eine tolles Hobby um dein Kind in diesen F\u00e4higkeiten zu f\u00f6rdern und fordern:<\/strong><\/p>\n\n\n\n<p><strong>Soft Skills<\/strong><\/p>\n\n\n\n<ul class=\"wp-block-list\">\n<li>Konzentration<\/li>\n\n\n\n<li>Feinmotorik in Hand und Arm<\/li>\n\n\n\n<li>Augen-Hand-Koordination<\/li>\n\n\n\n<li>Fairness und Respekt<\/li>\n\n\n\n<li>Erlernen und Befolgen von Spielregeln<\/li>\n\n\n\n<li>Teamwork mit Doppelpartner<\/li>\n\n\n\n<li>Reaktionsschnelligkeit<\/li>\n\n\n\n<li>mentale St\u00e4rke<\/li>\n<\/ul>\n\n\n\n<p><strong>Hard Skills<\/strong><\/p>\n\n\n\n<ul class=\"wp-block-list\">\n<li>Schusstechniken<\/li>\n\n\n\n<li>Passtechniken<\/li>\n\n\n\n<li>Haltetechniken<\/li>\n\n\n\n<li>Verteidigen des eigenen Tors als Team<\/li>\n\n\n\n<li>Spielstrategien<\/li>\n<\/ul>\n\n\n\n<p><iframe loading=\"lazy\" title=\"MKK Jugendtraining (Werbevideo von Anton)\" width=\"500\" height=\"281\" src=\"https:\/\/www.youtube.com\/embed\/URE86N_7nH4?feature=oembed\" frameborder=\"0\" allow=\"accelerometer; autoplay; clipboard-write; encrypted-media; gyroscope; picture-in-picture; web-share\" referrerpolicy=\"strict-origin-when-cross-origin\" allowfullscreen><\/iframe><\/p>\n","protected":false},"excerpt":{"rendered":"<p>Zurzeit sind in unseren Gruppen am Montag und Mittwoch Pl\u00e4tze f\u00fcr neue Kids ab 12 Jahren frei. Meld dich bei uns, wenn du zu einem Schnuppertraining kommen m\u00f6chtest.Neu: Montags trainieren jetzt die Kicker Kidz (8 bis 12 Jahre) von 17 &#8211; 18 Uhr mit Jan. Hier werden erste Grundlagen, Regelkunde und faires Spiel vermittelt &#8211; [&hellip;]<\/p>\n","protected":false},"author":1,"featured_media":0,"parent":0,"menu_order":0,"comment_status":"closed","ping_status":"closed","template":"","meta":{"saved_in_kubio":false,"footnotes":""},"class_list":["post-36","page","type-page","status-publish","hentry"],"kubio_ai_page_context":{"short_desc":"","purpose":"general"},"_links":{"self":[{"href":"https:\/\/mkk-flensburg.de\/index.php?rest_route=\/wp\/v2\/pages\/36","targetHints":{"allow":["GET"]}}],"collection":[{"href":"https:\/\/mkk-flensburg.de\/index.php?rest_route=\/wp\/v2\/pages"}],"about":[{"href":"https:\/\/mkk-flensburg.de\/index.php?rest_route=\/wp\/v2\/types\/page"}],"author":[{"embeddable":true,"href":"https:\/\/mkk-flensburg.de\/index.php?rest_route=\/wp\/v2\/users\/1"}],"replies":[{"embeddable":true,"href":"https:\/\/mkk-flensburg.de\/index.php?rest_route=%2Fwp%2Fv2%2Fcomments&post=36"}],"version-history":[{"count":67,"href":"https:\/\/mkk-flensburg.de\/index.php?rest_route=\/wp\/v2\/pages\/36\/revisions"}],"predecessor-version":[{"id":577,"href":"https:\/\/mkk-flensburg.de\/index.php?rest_route=\/wp\/v2\/pages\/36\/revisions\/577"}],"wp:attachment":[{"href":"https:\/\/mkk-flensburg.de\/index.php?rest_route=%2Fwp%2Fv2%2Fmedia&parent=36"}],"curies":[{"name":"wp","href":"https:\/\/api.w.org\/{rel}","templated":true}]}}