{"id":30,"date":"2020-06-09T20:42:41","date_gmt":"2020-06-09T20:42:41","guid":{"rendered":"http:\/\/mkk-flensburg.de\/?page_id=30"},"modified":"2022-07-09T13:48:33","modified_gmt":"2022-07-09T13:48:33","slug":"veranstaltungen","status":"publish","type":"page","link":"https:\/\/mkk-flensburg.de\/?page_id=30","title":{"rendered":"Private Events"},"content":{"rendered":"\n<figure class=\"wp-block-image size-large\"><img loading=\"lazy\" decoding=\"async\" width=\"1024\" height=\"575\" src=\"https:\/\/mkk-flensburg.de\/wp-content\/uploads\/2020\/08\/IMG-20200206-WA00161-1024x575.jpg\" alt=\"\" class=\"wp-image-289\" srcset=\"https:\/\/mkk-flensburg.de\/wp-content\/uploads\/2020\/08\/IMG-20200206-WA00161-1024x575.jpg 1024w, https:\/\/mkk-flensburg.de\/wp-content\/uploads\/2020\/08\/IMG-20200206-WA00161-300x169.jpg 300w, https:\/\/mkk-flensburg.de\/wp-content\/uploads\/2020\/08\/IMG-20200206-WA00161-768x432.jpg 768w, https:\/\/mkk-flensburg.de\/wp-content\/uploads\/2020\/08\/IMG-20200206-WA00161-1536x863.jpg 1536w, https:\/\/mkk-flensburg.de\/wp-content\/uploads\/2020\/08\/IMG-20200206-WA00161.jpg 1600w\" sizes=\"(max-width: 1024px) 100vw, 1024px\" \/><\/figure>\n\n\n\n<p><strong>Kickern geht immer!<\/strong><br>Kindergeburtstag oder WG-Turnier? Den Junggesellenabschied sportlich beginnen oder das Weihnachtsturnier des Fu\u00dfballvereins mal auf dem kleinen Spielfeld austragen? <br>Kickern geht immer!<\/p>\n\n\n\n<p><strong>Wie viele Personen m\u00fcssen wir sein?<\/strong><br>Am meisten Spa\u00df macht Tischfu\u00dfball, wenn ihr mindestens zu viert seid. Veranstaltungen bei uns sind f\u00fcr max. 32 Teilnehmer m\u00f6glich.<\/p>\n\n\n\n<p><strong>Was bieten wir?<\/strong><br>\u2022 Spa\u00df am Kickern!<br>\u2022 Vier Leonhart-Profitische f\u00fcr maximal 16 parallel spielende Teilnehmer<br>\u2022 Organisation des Kickerevents nach euren W\u00fcnschen (z.B. Feste Teams oder \u201eJeder gegen Jeden\u201c)<br>\u2022 Getr\u00e4nke und Snacks zu moderaten Preisen<br>\u2022 Musikalische Begleitung nach Wunsch<br>\u2022 EDV-gest\u00fctzte Turniersoftware<br>\u2022 Turnierorganisation durch ein Vereinsmitglied<\/p>\n\n\n\n<p><strong>Was kostet eine privates Kicker-Event?<\/strong><br>F\u00fcr ein dreist\u00fcndiges Kicker-Event zahlst du 150\u20ac. F\u00fcr jede weitere angefangene Stunde kommen 30\u20ac dazu. <br>Wir haben gro\u00dfes Interesse an der Jugendf\u00f6rderung. Darum kosten unsere Events f\u00fcr Kinder und Jugendliche (maximal zwei mitkickernde Erwachsene) f\u00fcr drei Stunden nur 75\u20ac, bei Buchung \u00fcber eine Schule sogar nur 60\u20ac.<\/p>\n\n\n\n<p class=\"has-background\" style=\"background-color:#00a32e\"><strong>Wir freuen uns auf deine Anfragen und Buchungen!<\/strong><br><a href=\"https:\/\/mkk-flensburg.de\/?page_id=207\">Kontakt<\/a><\/p>\n\n\n\n<div class=\"wp-block-file\"><a id=\"wp-block-file--media-15c56e46-75f6-4354-9cf9-6a2dd26f5276\" href=\"https:\/\/mkk-flensburg.de\/wp-content\/uploads\/2020\/07\/private_Veranstaltungen_final-1.pdf\">Flyer_private_Events<\/a><a href=\"https:\/\/mkk-flensburg.de\/wp-content\/uploads\/2020\/07\/private_Veranstaltungen_final-1.pdf\" class=\"wp-block-file__button\" download aria-describedby=\"wp-block-file--media-15c56e46-75f6-4354-9cf9-6a2dd26f5276\">Flyer herunterladen<\/a><\/div>\n\n\n\n<p><\/p>\n","protected":false},"excerpt":{"rendered":"<p>Kickern geht immer!Kindergeburtstag oder WG-Turnier? Den Junggesellenabschied sportlich beginnen oder das Weihnachtsturnier des Fu\u00dfballvereins mal auf dem kleinen Spielfeld austragen? Kickern geht immer! Wie viele Personen m\u00fcssen wir sein?Am meisten Spa\u00df macht Tischfu\u00dfball, wenn ihr mindestens zu viert seid. Veranstaltungen bei uns sind f\u00fcr max. 32 Teilnehmer m\u00f6glich. Was bieten wir?\u2022 Spa\u00df am Kickern!\u2022 Vier [&hellip;]<\/p>\n","protected":false},"author":1,"featured_media":0,"parent":0,"menu_order":0,"comment_status":"closed","ping_status":"closed","template":"","meta":{"saved_in_kubio":false,"footnotes":""},"class_list":["post-30","page","type-page","status-publish","hentry"],"kubio_ai_page_context":{"short_desc":"","purpose":"general"},"_links":{"self":[{"href":"https:\/\/mkk-flensburg.de\/index.php?rest_route=\/wp\/v2\/pages\/30","targetHints":{"allow":["GET"]}}],"collection":[{"href":"https:\/\/mkk-flensburg.de\/index.php?rest_route=\/wp\/v2\/pages"}],"about":[{"href":"https:\/\/mkk-flensburg.de\/index.php?rest_route=\/wp\/v2\/types\/page"}],"author":[{"embeddable":true,"href":"https:\/\/mkk-flensburg.de\/index.php?rest_route=\/wp\/v2\/users\/1"}],"replies":[{"embeddable":true,"href":"https:\/\/mkk-flensburg.de\/index.php?rest_route=%2Fwp%2Fv2%2Fcomments&post=30"}],"version-history":[{"count":23,"href":"https:\/\/mkk-flensburg.de\/index.php?rest_route=\/wp\/v2\/pages\/30\/revisions"}],"predecessor-version":[{"id":485,"href":"https:\/\/mkk-flensburg.de\/index.php?rest_route=\/wp\/v2\/pages\/30\/revisions\/485"}],"wp:attachment":[{"href":"https:\/\/mkk-flensburg.de\/index.php?rest_route=%2Fwp%2Fv2%2Fmedia&parent=30"}],"curies":[{"name":"wp","href":"https:\/\/api.w.org\/{rel}","templated":true}]}}