{"id":174,"date":"2020-07-26T11:49:34","date_gmt":"2020-07-26T11:49:34","guid":{"rendered":"http:\/\/mkk-flensburg.de\/?page_id=174"},"modified":"2024-09-18T18:41:06","modified_gmt":"2024-09-18T18:41:06","slug":"preise","status":"publish","type":"page","link":"https:\/\/mkk-flensburg.de\/?page_id=174","title":{"rendered":"Preise"},"content":{"rendered":"\n<p class=\"has-background\" style=\"background-color:#00a32e\"><strong>regul\u00e4rer Mitgliedsbeitrag<br><\/strong>15,00 \u20ac \/ Monat<br><br><strong>erm\u00e4\u00dfigter <strong>Mitgliedsbeitrag<\/strong><br><\/strong>12,00 \u20ac \/ Monat<br><br><strong>Gastbeitrag<br><\/strong>5,00 \u20ac \/ Tag<br><br><strong>private Events<\/strong><br>ab 65\u20ac \/ 3h<\/p>\n\n\n\n<p>Der regul\u00e4re Beitrag f\u00fcr eine Mitgliedschaft im MKK betr\u00e4gt <strong>15,00 \u20ac<\/strong> \/ Monat. F\u00fcr Sch\u00fcler, Studenten und Auszubildende bieten wir einen erm\u00e4\u00dfigten Beitrag in H\u00f6he von <strong>12,00 \u20ac<\/strong> \/ Monat an.<\/p>\n\n\n\n<p>Wer noch kein Mitglied ist, darf auch als Gastspieler zum Kickern in den MKK kommen. Das erste mal ist zum Reinschnuppern gratis. Ab dem zweiten Besuch f\u00e4llt ein Gastbeitrag von <strong>5,00 \u20ac<\/strong> \/ Tag an.<\/p>\n\n\n\n<p>Wenn wir dein Interesse geweckt haben, dann komm einfach w\u00e4hrend unserer \u00d6ffnungszeiten bei uns im Klub vorbei und mach direkt mit. Du musst dich nicht vorher anmelden (au\u00dfer zum Training, Einzelheiten <a href=\"https:\/\/mkk-flensburg.de\/?page_id=13\" target=\"_blank\" rel=\"noreferrer noopener\">hier<\/a>). Falls du noch Fragen hast, kannst du dich gerne bei uns <a href=\"https:\/\/mkk-flensburg.de\/?page_id=207\" target=\"_blank\" rel=\"noreferrer noopener\">melden<\/a>.<\/p>\n\n\n\n<p>Preise f\u00fcr private Veranstaltungen (Kindergeburtstag, Firmenfeier etc.) findest du <a rel=\"noreferrer noopener\" href=\"https:\/\/mkk-flensburg.de\/?page_id=30\" target=\"_blank\">hier<\/a>.<\/p>\n","protected":false},"excerpt":{"rendered":"<p>regul\u00e4rer Mitgliedsbeitrag15,00 \u20ac \/ Monat erm\u00e4\u00dfigter Mitgliedsbeitrag12,00 \u20ac \/ Monat Gastbeitrag5,00 \u20ac \/ Tag private Eventsab 65\u20ac \/ 3h Der regul\u00e4re Beitrag f\u00fcr eine Mitgliedschaft im MKK betr\u00e4gt 15,00 \u20ac \/ Monat. F\u00fcr Sch\u00fcler, Studenten und Auszubildende bieten wir einen erm\u00e4\u00dfigten Beitrag in H\u00f6he von 12,00 \u20ac \/ Monat an. Wer noch kein Mitglied ist, [&hellip;]<\/p>\n","protected":false},"author":1,"featured_media":0,"parent":0,"menu_order":0,"comment_status":"closed","ping_status":"closed","template":"","meta":{"saved_in_kubio":false,"footnotes":""},"class_list":["post-174","page","type-page","status-publish","hentry"],"kubio_ai_page_context":{"short_desc":"","purpose":"general"},"_links":{"self":[{"href":"https:\/\/mkk-flensburg.de\/index.php?rest_route=\/wp\/v2\/pages\/174","targetHints":{"allow":["GET"]}}],"collection":[{"href":"https:\/\/mkk-flensburg.de\/index.php?rest_route=\/wp\/v2\/pages"}],"about":[{"href":"https:\/\/mkk-flensburg.de\/index.php?rest_route=\/wp\/v2\/types\/page"}],"author":[{"embeddable":true,"href":"https:\/\/mkk-flensburg.de\/index.php?rest_route=\/wp\/v2\/users\/1"}],"replies":[{"embeddable":true,"href":"https:\/\/mkk-flensburg.de\/index.php?rest_route=%2Fwp%2Fv2%2Fcomments&post=174"}],"version-history":[{"count":14,"href":"https:\/\/mkk-flensburg.de\/index.php?rest_route=\/wp\/v2\/pages\/174\/revisions"}],"predecessor-version":[{"id":563,"href":"https:\/\/mkk-flensburg.de\/index.php?rest_route=\/wp\/v2\/pages\/174\/revisions\/563"}],"wp:attachment":[{"href":"https:\/\/mkk-flensburg.de\/index.php?rest_route=%2Fwp%2Fv2%2Fmedia&parent=174"}],"curies":[{"name":"wp","href":"https:\/\/api.w.org\/{rel}","templated":true}]}}