{"id":134,"date":"2020-07-23T12:32:32","date_gmt":"2020-07-23T12:32:32","guid":{"rendered":"http:\/\/mkk-flensburg.de\/?page_id=134"},"modified":"2023-01-10T16:23:48","modified_gmt":"2023-01-10T16:23:48","slug":"tischfussball-als-sport","status":"publish","type":"page","link":"https:\/\/mkk-flensburg.de\/?page_id=134","title":{"rendered":"Tischfu\u00dfball als Sport"},"content":{"rendered":"\n<p><strong>Mehr als nur ein Kneipensport<\/strong><br \/>F\u00fcr die, die Tischfu\u00dfball nur aus der Kneipe oder dem Jugendzentrum kennen, ist es vielleicht \u00fcberraschend, aber Tischfu\u00dfball ist ein international gespielter und organisierter Sport. Wie auch beim gro\u00dfen Bruder, dem Fu\u00dfball auf dem Rasen, gibt es eine Bundesliga, Champions League, regionale, deutsche und auch Weltmeisterschaften.<\/p>\n\n\n\n<figure class=\"wp-block-embed is-provider-youtube wp-block-embed-youtube\"><div class=\"wp-block-embed__wrapper\">\n<iframe loading=\"lazy\" title=\"Flensburg Aktuell - November 2022\" width=\"500\" height=\"281\" src=\"https:\/\/www.youtube.com\/embed\/O-Qd_4_Lq3I?start=377&#038;feature=oembed\" frameborder=\"0\" allow=\"accelerometer; autoplay; clipboard-write; encrypted-media; gyroscope; picture-in-picture; web-share\" referrerpolicy=\"strict-origin-when-cross-origin\" allowfullscreen><\/iframe>\n<\/div><\/figure>\n\n\n\n<p class=\"has-background\" style=\"background-color:#00a32e\"><strong>Schaut euch hier den Teaser der deutschen Meisterschaft 2019 in Hamburg an:<\/strong><\/p>\n\n\n\n<figure class=\"wp-block-embed is-type-video is-provider-youtube wp-block-embed-youtube wp-embed-aspect-16-9 wp-has-aspect-ratio\"><div class=\"wp-block-embed__wrapper\">\n<iframe loading=\"lazy\" title=\"R\u00fcckblick - Deutsche Meisterschaft 2020 | Tablesoccer.TV\" width=\"500\" height=\"281\" src=\"https:\/\/www.youtube.com\/embed\/8bQfKhZqafk?feature=oembed\" frameborder=\"0\" allow=\"accelerometer; autoplay; clipboard-write; encrypted-media; gyroscope; picture-in-picture; web-share\" referrerpolicy=\"strict-origin-when-cross-origin\" allowfullscreen><\/iframe>\n<\/div><\/figure>\n\n\n\n<p>Beim professionell gespielten Tischfu\u00dfball geht es aber um mehr als nur fixes Agieren. Tischfu\u00dfball erfordert ein hohes Ma\u00df an Konzentration und mentaler St\u00e4rke, technisches K\u00f6nnen, Geduld und Ausdauer.<\/p>\n\n\n\n<p class=\"has-background\" style=\"background-color:#00a32e\"><strong>Schaut euch hier das Finale eines Ranglistenturniers aus dem MKK an:<\/strong><\/p>\n\n\n\n<figure class=\"wp-block-embed is-type-video is-provider-youtube wp-block-embed-youtube wp-embed-aspect-16-9 wp-has-aspect-ratio\"><div class=\"wp-block-embed__wrapper\">\n<iframe loading=\"lazy\" title=\"Das gro\u00dfe 10-Jahres-Finale \u2013 Jet gegen Pin-Shot\" width=\"500\" height=\"281\" src=\"https:\/\/www.youtube.com\/embed\/jSZQCZwerQc?feature=oembed\" frameborder=\"0\" allow=\"accelerometer; autoplay; clipboard-write; encrypted-media; gyroscope; picture-in-picture; web-share\" referrerpolicy=\"strict-origin-when-cross-origin\" allowfullscreen><\/iframe>\n<\/div><\/figure>\n\n\n\n<p>Der MKK ist Mitglied des Tischfu\u00dfballverbandes Schleswig-Holstein:<br \/><a rel=\"noreferrer noopener\" href=\"https:\/\/www.tfvsh.de\/\" target=\"_blank\">https:\/\/www.tfvsh.de\/<\/a><\/p>\n","protected":false},"excerpt":{"rendered":"<p>Mehr als nur ein KneipensportF\u00fcr die, die Tischfu\u00dfball nur aus der Kneipe oder dem Jugendzentrum kennen, ist es vielleicht \u00fcberraschend, aber Tischfu\u00dfball ist ein international gespielter und organisierter Sport. Wie auch beim gro\u00dfen Bruder, dem Fu\u00dfball auf dem Rasen, gibt es eine Bundesliga, Champions League, regionale, deutsche und auch Weltmeisterschaften. Schaut euch hier den Teaser [&hellip;]<\/p>\n","protected":false},"author":1,"featured_media":0,"parent":0,"menu_order":1,"comment_status":"closed","ping_status":"closed","template":"","meta":{"saved_in_kubio":false,"footnotes":""},"class_list":["post-134","page","type-page","status-publish","hentry"],"kubio_ai_page_context":{"short_desc":"","purpose":"general"},"_links":{"self":[{"href":"https:\/\/mkk-flensburg.de\/index.php?rest_route=\/wp\/v2\/pages\/134","targetHints":{"allow":["GET"]}}],"collection":[{"href":"https:\/\/mkk-flensburg.de\/index.php?rest_route=\/wp\/v2\/pages"}],"about":[{"href":"https:\/\/mkk-flensburg.de\/index.php?rest_route=\/wp\/v2\/types\/page"}],"author":[{"embeddable":true,"href":"https:\/\/mkk-flensburg.de\/index.php?rest_route=\/wp\/v2\/users\/1"}],"replies":[{"embeddable":true,"href":"https:\/\/mkk-flensburg.de\/index.php?rest_route=%2Fwp%2Fv2%2Fcomments&post=134"}],"version-history":[{"count":16,"href":"https:\/\/mkk-flensburg.de\/index.php?rest_route=\/wp\/v2\/pages\/134\/revisions"}],"predecessor-version":[{"id":597,"href":"https:\/\/mkk-flensburg.de\/index.php?rest_route=\/wp\/v2\/pages\/134\/revisions\/597"}],"wp:attachment":[{"href":"https:\/\/mkk-flensburg.de\/index.php?rest_route=%2Fwp%2Fv2%2Fmedia&parent=134"}],"curies":[{"name":"wp","href":"https:\/\/api.w.org\/{rel}","templated":true}]}}