{"id":12,"date":"2020-06-09T19:52:26","date_gmt":"2020-06-09T19:52:26","guid":{"rendered":"http:\/\/mkk-flensburg.de\/?page_id=12"},"modified":"2022-01-08T13:23:34","modified_gmt":"2022-01-08T13:23:34","slug":"info","status":"publish","type":"page","link":"https:\/\/mkk-flensburg.de\/?page_id=12","title":{"rendered":"Wir \u00fcber uns"},"content":{"rendered":"\n<figure class=\"wp-block-image size-large\"><img loading=\"lazy\" decoding=\"async\" width=\"1024\" height=\"473\" src=\"http:\/\/mkk-flensburg.de\/wp-content\/uploads\/2020\/07\/IMG_20200224_2012081-1024x473.jpg\" alt=\"\" class=\"wp-image-160\" srcset=\"https:\/\/mkk-flensburg.de\/wp-content\/uploads\/2020\/07\/IMG_20200224_2012081-1024x473.jpg 1024w, https:\/\/mkk-flensburg.de\/wp-content\/uploads\/2020\/07\/IMG_20200224_2012081-300x139.jpg 300w, https:\/\/mkk-flensburg.de\/wp-content\/uploads\/2020\/07\/IMG_20200224_2012081-768x355.jpg 768w, https:\/\/mkk-flensburg.de\/wp-content\/uploads\/2020\/07\/IMG_20200224_2012081-1536x709.jpg 1536w, https:\/\/mkk-flensburg.de\/wp-content\/uploads\/2020\/07\/IMG_20200224_2012081-2048x946.jpg 2048w\" sizes=\"(max-width: 1024px) 100vw, 1024px\" \/><\/figure>\n\n\n\n<p class=\"has-text-align-left\"><strong>Wer sind wir?<\/strong><\/p>\n\n\n\n<p class=\"has-text-align-left\">Bereits seit 2009 gibt es den Monsterkicker Klub Flensburg e. V.. Er ist die erste Adresse, wenn es um Drehstangentischfu\u00dfball in Flensburg geht. Seit 2015 befinet sich unser Vereinsheim in der sch\u00f6nen Toosb\u00fcystra\u00dfe im Herzen Flensburgs. Hier haben wir genug Platz f\u00fcr unsere 4 Profi-Kickertische, unsere beiden Trib\u00fcnen sowie einen Raum mit Tresen und gem\u00fctlichem Sitzbereich. Mit viel Liebe und der Muskelkraft unserer Mitglieder haben wir es uns hier richtig hyggelig gemacht. Mehrmals w\u00f6chentlich treffen wir uns zum Kickern. Komm vorbei und \u00fcberzeug dich selbst!<\/p>\n\n\n\n<p><strong>Was machen wir?<\/strong><\/p>\n\n\n\n<p>Wir lieben und leben Tischfu\u00dfball!<br>Eine tolle Eigenschaft von Tischfu\u00dfball ist, dass das Spiel ganz verschiedene Menschen zusammenbringen kann &#8211; egal, ob man jung oder alt, dick oder d\u00fcnn, gro\u00df oder klein ist. Jeder kann Spa\u00df am Tischfu\u00dfball haben! Unsere j\u00fcngsten Mitglieder sind im Grundschulalter, die \u00e4ltesten \u00dc50. Alle vereint die Leidenschaft am Kickern.<\/p>\n\n\n\n<p>Der MKK hat es sich zum Ziel gemacht, ein Sportverein f\u00fcr den Tischfu\u00dfball zu sein: weg vom Kneipenspiel, hin zum professionellen, strategischen Sport. Wir vermitteln Spielstrategien sowie Schuss- und Passtechniken. Mentale St\u00e4rke, Teamgeist und Fair Play werden dabei gef\u00f6rdert.  Im gemeinsamen Training bereiten wir uns auf die Teilnahme an Turnieren und Meisterschaften in Schleswig-Holstein und auch dar\u00fcber hinaus vor. Tischfu\u00dfball ist f\u00fcr uns  Leistungssport mit ungeahnt hohem Konzentrationsanspruch und h\u00f6chster Anforderung an feinste Technik.<\/p>\n\n\n\n<p class=\"has-background\" style=\"background-color:#00a32e\"><strong>Komm einfach mal vorbei und probier es aus!<\/strong><\/p>\n\n\n\n<div class=\"wp-block-image\"><figure class=\"aligncenter size-large is-resized\"><img loading=\"lazy\" decoding=\"async\" src=\"http:\/\/mkk-flensburg.de\/wp-content\/uploads\/2020\/06\/LOGO-1-1024x1024.jpg\" alt=\"\" class=\"wp-image-50\" width=\"428\" height=\"427\" srcset=\"https:\/\/mkk-flensburg.de\/wp-content\/uploads\/2020\/06\/LOGO-1-1024x1024.jpg 1024w, https:\/\/mkk-flensburg.de\/wp-content\/uploads\/2020\/06\/LOGO-1-300x300.jpg 300w, https:\/\/mkk-flensburg.de\/wp-content\/uploads\/2020\/06\/LOGO-1-150x150.jpg 150w, https:\/\/mkk-flensburg.de\/wp-content\/uploads\/2020\/06\/LOGO-1-768x768.jpg 768w, https:\/\/mkk-flensburg.de\/wp-content\/uploads\/2020\/06\/LOGO-1-100x100.jpg 100w, https:\/\/mkk-flensburg.de\/wp-content\/uploads\/2020\/06\/LOGO-1.jpg 1193w\" sizes=\"(max-width: 428px) 100vw, 428px\" \/><\/figure><\/div>\n\n\n\n<div class=\"alignnormal\"><div id=\"metaslider-id-374\" style=\"width: 100%;\" class=\"ml-slider-3-108-0 metaslider metaslider-flex metaslider-374 ml-slider has-dots-nav ms-theme-default\" role=\"region\" aria-label=\"R\u00e4umlichkeiten\" data-height=\"300\" data-width=\"700\">\n    <div id=\"metaslider_container_374\">\n        <div id=\"metaslider_374\">\n            <ul class='slides'>\n                <li style=\"display: block; width: 100%;\" class=\"slide-375 ms-image \" aria-roledescription=\"slide\" data-date=\"2021-08-08 20:22:32\" data-filename=\"IMG_20210524_162028-scaled-700x300.jpg\" data-slide-type=\"image\"><img loading=\"lazy\" decoding=\"async\" src=\"https:\/\/mkk-flensburg.de\/wp-content\/uploads\/2021\/05\/IMG_20210524_162028-scaled-700x300.jpg\" height=\"300\" width=\"700\" alt=\"\" class=\"slider-374 slide-375 msDefaultImage\" title=\"IMG_20210524_162028.jpg\" \/><div class=\"caption-wrap\"><div class=\"caption\">gro\u00dfer Raum<\/div><\/div><\/li>\n                <li style=\"display: none; width: 100%;\" class=\"slide-376 ms-image \" aria-roledescription=\"slide\" data-date=\"2021-08-08 20:22:46\" data-filename=\"IMG_20210524_162059-scaled-700x300.jpg\" data-slide-type=\"image\"><img loading=\"lazy\" decoding=\"async\" src=\"https:\/\/mkk-flensburg.de\/wp-content\/uploads\/2021\/05\/IMG_20210524_162059-scaled-700x300.jpg\" height=\"300\" width=\"700\" alt=\"\" class=\"slider-374 slide-376 msDefaultImage\" title=\"IMG_20210524_162059.jpg\" \/><div class=\"caption-wrap\"><div class=\"caption\">Trib\u00fcne im gro\u00dfen Raum<\/div><\/div><\/li>\n                <li style=\"display: none; width: 100%;\" class=\"slide-377 ms-image \" aria-roledescription=\"slide\" data-date=\"2021-08-08 20:22:59\" data-filename=\"IMG_20210524_161924-scaled-700x300.jpg\" data-slide-type=\"image\"><img loading=\"lazy\" decoding=\"async\" src=\"https:\/\/mkk-flensburg.de\/wp-content\/uploads\/2021\/05\/IMG_20210524_161924-scaled-700x300.jpg\" height=\"300\" width=\"700\" alt=\"\" class=\"slider-374 slide-377 msDefaultImage\" title=\"IMG_20210524_161924.jpg\" \/><div class=\"caption-wrap\"><div class=\"caption\">Tresen<\/div><\/div><\/li>\n                <li style=\"display: none; width: 100%;\" class=\"slide-378 ms-image \" aria-roledescription=\"slide\" data-date=\"2021-08-08 20:27:27\" data-filename=\"IMG_20210524_162004-1-scaled-700x300.jpg\" data-slide-type=\"image\"><img loading=\"lazy\" decoding=\"async\" src=\"https:\/\/mkk-flensburg.de\/wp-content\/uploads\/2021\/05\/IMG_20210524_162004-1-scaled-700x300.jpg\" height=\"300\" width=\"700\" alt=\"\" class=\"slider-374 slide-378 msDefaultImage\" title=\"IMG_20210524_162004.jpg\" \/><div class=\"caption-wrap\"><div class=\"caption\">Sitzbereich<\/div><\/div><\/li>\n                <li style=\"display: none; width: 100%;\" class=\"slide-381 ms-image \" aria-roledescription=\"slide\" data-date=\"2021-08-08 20:27:43\" data-filename=\"IMG_20210524_161533-scaled-700x300.jpg\" data-slide-type=\"image\"><img loading=\"lazy\" decoding=\"async\" src=\"https:\/\/mkk-flensburg.de\/wp-content\/uploads\/2021\/05\/IMG_20210524_161533-scaled-700x300.jpg\" height=\"300\" width=\"700\" alt=\"\" class=\"slider-374 slide-381 msDefaultImage\" title=\"IMG_20210524_161533.jpg\" \/><div class=\"caption-wrap\"><div class=\"caption\">kleiner Raum komplett<\/div><\/div><\/li>\n            <\/ul>\n        <\/div>\n        \n    <\/div>\n<\/div><\/div>\n","protected":false},"excerpt":{"rendered":"<p>Wer sind wir? Bereits seit 2009 gibt es den Monsterkicker Klub Flensburg e. V.. Er ist die erste Adresse, wenn es um Drehstangentischfu\u00dfball in Flensburg geht. Seit 2015 befinet sich unser Vereinsheim in der sch\u00f6nen Toosb\u00fcystra\u00dfe im Herzen Flensburgs. Hier haben wir genug Platz f\u00fcr unsere 4 Profi-Kickertische, unsere beiden Trib\u00fcnen sowie einen Raum mit [&hellip;]<\/p>\n","protected":false},"author":1,"featured_media":0,"parent":0,"menu_order":0,"comment_status":"closed","ping_status":"closed","template":"","meta":{"saved_in_kubio":false,"footnotes":""},"class_list":["post-12","page","type-page","status-publish","hentry"],"kubio_ai_page_context":{"short_desc":"","purpose":"general"},"_links":{"self":[{"href":"https:\/\/mkk-flensburg.de\/index.php?rest_route=\/wp\/v2\/pages\/12","targetHints":{"allow":["GET"]}}],"collection":[{"href":"https:\/\/mkk-flensburg.de\/index.php?rest_route=\/wp\/v2\/pages"}],"about":[{"href":"https:\/\/mkk-flensburg.de\/index.php?rest_route=\/wp\/v2\/types\/page"}],"author":[{"embeddable":true,"href":"https:\/\/mkk-flensburg.de\/index.php?rest_route=\/wp\/v2\/users\/1"}],"replies":[{"embeddable":true,"href":"https:\/\/mkk-flensburg.de\/index.php?rest_route=%2Fwp%2Fv2%2Fcomments&post=12"}],"version-history":[{"count":50,"href":"https:\/\/mkk-flensburg.de\/index.php?rest_route=\/wp\/v2\/pages\/12\/revisions"}],"predecessor-version":[{"id":392,"href":"https:\/\/mkk-flensburg.de\/index.php?rest_route=\/wp\/v2\/pages\/12\/revisions\/392"}],"wp:attachment":[{"href":"https:\/\/mkk-flensburg.de\/index.php?rest_route=%2Fwp%2Fv2%2Fmedia&parent=12"}],"curies":[{"name":"wp","href":"https:\/\/api.w.org\/{rel}","templated":true}]}}